{"id":3,"date":"2021-02-16T14:14:44","date_gmt":"2021-02-16T14:14:44","guid":{"rendered":"http:\/\/wphelsinkilimoshop.dev.versoft.fi\/?page_id=3"},"modified":"2023-12-18T13:06:41","modified_gmt":"2023-12-18T13:06:41","slug":"privacy-policy","status":"publish","type":"page","link":"https:\/\/store.helsinkilimo.com\/fi\/privacy-policy\/","title":{"rendered":"Tietosuojaseloste"},"content":{"rendered":"<ol>\n<li>T\u00e4m\u00e4 tietosuojaseloste (\u201dTietosuojaseloste\u201d) kertoo, miten henkil\u00f6tietojasi ker\u00e4t\u00e4\u00e4n ja k\u00e4sitell\u00e4\u00e4n, kenelle tietoja luovutetaan, kuinka pitk\u00e4\u00e4n niit\u00e4 s\u00e4ilytet\u00e4\u00e4n, ja mitk\u00e4 ovat sinun oikeutesi henkil\u00f6tietojesi suhteen. Noudatamme kaikessa henkil\u00f6tietojen k\u00e4sittelyss\u00e4 asianmukaisia suojatoimenpiteit\u00e4 ja tietosuojalains\u00e4\u00e4d\u00e4nn\u00f6n periaatteita.\n\n1.\tRekisterinpit\u00e4j\u00e4\nEU:n yleisess\u00e4 tietosuoja-asetuksessa (EU) 2016\/679 (\u201dGDPR\u201d) tarkoitettu rekisterinpit\u00e4j\u00e4 on HL CHARTER Oy. <br \/>HL CHARTER Oy (2458816-0) c\/o Helsinki Limo Niittytie 21, 01300 Vantaa <a style=\"font-size: inherit;\" href=\"mailto:info@helsinkilimo.fi\">info@helsinkilimo.fi<\/a><\/li>\n<\/ol>\n<ol start=\"2\">\n<li>Henkil\u00f6tietojen ker\u00e4\u00e4minen\nT\u00e4m\u00e4 Tietosuojaseloste koskee henkil\u00f6tietojen ker\u00e4\u00e4mist\u00e4 ja k\u00e4sittely\u00e4. Henkil\u00f6tiedot tarkoittavat tietoja, jotka voidaan yhdist\u00e4\u00e4 henkil\u00f6\u00f6n suoraan tai ep\u00e4suorasti. My\u00f6s yrityst\u00e4 edustavaan tai yrityksen puolesta toimivaan henkil\u00f6\u00f6n, kuten toimitusjohtajaan, viittaavat tiedot ovat henkil\u00f6tietoja. Yrityst\u00e4 koskevat tiedot, jotka eiv\u00e4t mitenk\u00e4\u00e4n viittaa luonnolliseen henkil\u00f6\u00f6n, eiv\u00e4t ole henkil\u00f6tietoja.\nVoimme ker\u00e4t\u00e4 henkil\u00f6tietoja usein eri tavoin. Ensisijaisesti saamme tiedot suoraan sinulta itselt\u00e4si, kun olet yhteydess\u00e4 meihin. Tietoja voi my\u00f6s kerty\u00e4, kun k\u00e4yt\u00e4t palveluitamme. Lis\u00e4ksi voimme johtaa sinusta tietoja hallussamme olevien henkil\u00f6tietojen pohjalta. Henkil\u00f6tietojasi voidaan saada my\u00f6s julkisista l\u00e4heist\u00e4, kuten kaupparekisterist\u00e4. \nVoimme yhdistell\u00e4 sinua koskevia henkil\u00f6tietoja, joita olemme saaneet julkisista l\u00e4hteist\u00e4 ja erilaisista asiointiyhteyksist\u00e4, esimerkiksi palvelun tuottamisen yhteydess\u00e4.\nSinun ei ole pakko antaa meille henkil\u00f6tietojasi, mutta kielt\u00e4ytymisell\u00e4 voi olla erilaisia seurauksia tilanteesta riippuen. Joissakin tilanteissa emme esimerkiksi voi tarjota palveluamme tai toimia pyynt\u00f6si mukaisesti.<\/li>\n<li>Henkil\u00f6tietoryhm\u00e4t\nK\u00e4sittelemme erilaisia henkil\u00f6tietoja tilanteesta riippuen. Henkil\u00f6tietojen tyyppi ja laajuus rajoitetaan aina kyseisen k\u00e4sittelytarkoituksen kannalta tarpeelliseen tietoon. \nKer\u00e4\u00e4mme ja k\u00e4sittelemme seuraaviin henkil\u00f6tietoryhmiin kuuluvia henkil\u00f6tietoja:\n\u2022\tPerustiedot, kuten nimi, yhteystiedot (postiosoite, puhelinnumero ja s\u00e4hk\u00f6postiosoite) sek\u00e4 mahdollisesti titteli ja suhde edustamaasi yritykseen.\n\u2022\tAsiointisuhteeseen liittyv\u00e4t tiedot, kuten palvelu- ja tilaustiedot, sopimustiedot, maksutiedot tai laskutustiedot.\n\u2022\tLains\u00e4\u00e4d\u00e4nn\u00f6n edellytt\u00e4m\u00e4t asiakkaan tuntemiseen liittyv\u00e4t tiedot kuten tunnistautumistiedot, asiakkaan, t\u00e4m\u00e4n edustajan, vastuuhenkil\u00f6n ja tosiasiallisen edunsaajan perustiedot, tieto edell\u00e4 mainitun henkil\u00f6n tai h\u00e4nen l\u00e4hipiirins\u00e4 poliittisesta vaikutusvallasta ja sen perusteesta tai pakotelistauksen tiedot.\n\u2022\tViestint\u00e4si ja siihen liittyv\u00e4t tiedot, kuten palvelupyynn\u00f6t, kirjeenvaihto sek\u00e4 yksil\u00f6n oikeuksien k\u00e4ytt\u00f6\u00e4 koskevat tiedot.\n\u2022\tPalvelutiedot, kuten k\u00e4ytt\u00e4j\u00e4tunnukset, salasanat ja tunnistetiedot, palvelun tuottamisen yhteydess\u00e4 syntyv\u00e4t henkil\u00f6tiedot esim. k\u00e4ytt\u00f6- ja kirjautumistiedot sek\u00e4 tiedot siit\u00e4, miten k\u00e4yt\u00e4t verkkosivujamme tai palveluitamme.\n\u2022\tTekniset tiedot verkkosivujemme selaamisesta, kuten kirjautumistiedot, kieli, laitetunnus, laitetyyppi ja k\u00e4ytt\u00f6j\u00e4rjestelm\u00e4, sovellusasetukset sek\u00e4 muut ev\u00e4steiden ja vastaavien teknologioiden avulla ker\u00e4tyt tiedot.\n\u2022\tMuut tapauskohtaisesti m\u00e4\u00e4ritellyt tiedot antamasi suostumuksen perusteella, esimerkiksi [xx].<\/li>\n<li>Henkil\u00f6tietojen k\u00e4sittelyn tarkoitus ja oikeusperuste\nKer\u00e4\u00e4mme, k\u00e4sittelemme ja k\u00e4yt\u00e4mme vain henkil\u00f6tietoja, jotka ovat tarpeellisia liiketoimintamme, tehokkaan asiakaspalvelun ja asiaankuuluvien kaupallisten toimintojen kannalta.\nK\u00e4sittelemme henkil\u00f6tietoja ainoastaan oikeutettuihin ja tarkoin m\u00e4\u00e4riteltyihin k\u00e4ytt\u00f6tarkoituksiin, emmek\u00e4 k\u00e4sittele tietoja n\u00e4iden tarkoitusten kanssa yhteen sopimattomalla tavalla. \nK\u00e4sittelemme yleens\u00e4 henkil\u00f6tietoja nimenomaisesti ja vapaasti antamasi suostumuksen perusteella, jolla annat luvan k\u00e4sitell\u00e4 henkil\u00f6tietojasi yhteen tai useampaan m\u00e4\u00e4riteltyyn tarkoitukseen. K\u00e4sittelemme henkil\u00f6tietojasi suostumuksen perusteella esimerkiksi tilatessasi tarjoamiamme henkil\u00f6kuljetuspalveluita. \nLis\u00e4ksi k\u00e4sittelemme henkil\u00f6tietoja sinun tai edustamasi yrityksen kanssa solmimamme sopimuksen toteuttamiseksi tai sellaisen solmimiseksi sek\u00e4 asiakassuhteen hallitsemiseksi.\nVoimme k\u00e4sitell\u00e4 henkil\u00f6tietoja t\u00e4ytt\u00e4\u00e4ksemme lakiin perustuvat velvollisuutemme esimerkiksi kirjanpitoon liittyen tai viranomaisten (esim. veroviranomainen) esitt\u00e4mien pyynt\u00f6jen toteuttamiseksi lain vaatimalla tavalla.\nHenkil\u00f6tietoja voidaan k\u00e4sitell\u00e4 my\u00f6s meid\u00e4n tai kolmannen osapuolen oikeutettujen etujen toteuttamiseksi, jos sinun perusoikeutesi eiv\u00e4t ole ristiriidassa t\u00e4llaisen edun kanssa. K\u00e4sittelemme henkil\u00f6tietoja esimerkiksi kehitt\u00e4\u00e4ksemme toimintaamme ja palveluitamme sek\u00e4 suorittaaksemme kustannustehokkaita ja merkityksellisi\u00e4 liiketoimia tai laatiaksemme sis\u00e4isi\u00e4 raportteja liiketoiminnan johtamista varten. T\u00e4llaisissa tapauksissa henkil\u00f6tietojen k\u00e4sittely perustuu oikeutettuun etuumme huolehtia toimintamme tehokkuudesta ja tarjottujen palveluiden kilpailukykyisyydest\u00e4 sek\u00e4 saada k\u00e4ytt\u00f6\u00f6n tarvittavat tiedot asiakkaidemme ymm\u00e4rt\u00e4miseksi ja liiketoimintamme johtamiseksi.<\/li>\n<li>Tietojen jakaminen ja henkil\u00f6tietojen luovuttaminen\nHenkil\u00f6tietoja voidaan luovuttaa ja siirt\u00e4\u00e4 rekisterinpit\u00e4j\u00e4n konserniyhti\u00f6ille, palveluntarjoajille, yhteisty\u00f6kumppaneille tai viranomaisille sovellettavan lains\u00e4\u00e4d\u00e4nn\u00f6n puitteissa ja t\u00e4ss\u00e4 Tietosuojaselosteessa esitettyihin k\u00e4ytt\u00f6tarkoituksiin. Henkil\u00f6tietojen jakaminen perustuu oikeutettuun etuumme harjoittaa ja kehitt\u00e4\u00e4 liiketoimintaamme ja hallita asiakassuhteitamme tehokkaasti. Kun kolmas osapuoli k\u00e4sittelee puolestamme henkil\u00f6tietoja, varmistamme aina sopimusj\u00e4rjestelyill\u00e4, ett\u00e4 henkil\u00f6tietoja k\u00e4sitell\u00e4\u00e4n aina turvallisesti ja tietosuojalains\u00e4\u00e4d\u00e4nn\u00f6n ja tietojen k\u00e4sittelyn parhaiden k\u00e4yt\u00e4nt\u00f6jen mukaisesti.\nVoimme luovuttaa henkil\u00f6tietoja kolmansille osapuolille seuraavissa tapauksissa:\n\u2022\tLain vaatimassa tai sallimassa laajuudessa, esimerkiksi toteuttaaksemme toimivaltaisen viranomaisen pyynn\u00f6n tai oikeusk\u00e4sittelyyn liittyen.\n\u2022\tKun palveluntarjoajamme k\u00e4sittelee henkil\u00f6tietoja meid\u00e4n puolestamme ja meid\u00e4n ohjeidemme mukaisesti. Me m\u00e4\u00e4r\u00e4\u00e4mme t\u00e4llaisesta henkil\u00f6tietojesi k\u00e4sittelyst\u00e4.\n\u2022\tKun olemme mukana sulautumisessa, yritysj\u00e4rjestelyss\u00e4 taikka liiketoiminnan tai sen osan myynniss\u00e4.\n\u2022\tKun arvioimme sen olevan v\u00e4ltt\u00e4m\u00e4t\u00f6nt\u00e4 oikeuksiemme t\u00e4yt\u00e4nt\u00f6\u00f6n panemiseksi tai suojelemiseksi kuten oikeusvaateisiin vastaamiseksi, sinun tai muiden turvallisuuden suojaamiseksi, v\u00e4\u00e4rink\u00e4yt\u00f6sten tutkimiseksi tai viranomaisen pyynt\u00f6\u00f6n vastaamiseksi.\n\u2022\tKun olet antanut suostumuksen tietojesi luovuttamiselle. T\u00e4ll\u00f6in tiedot luovutetaan suostumuksen mukaisesti.<\/li>\n<li>Henkil\u00f6tietojen siirt\u00e4minen EU- tai ETA-alueiden ulkopuolelle\nEmme siirr\u00e4 henkil\u00f6tietoja Euroopan unionin (EU) tai Euroopan talousalueen (ETA) ulkopuolelle.<\/li>\n<li>Henkil\u00f6tietojen s\u00e4ilytt\u00e4minen\nHenkil\u00f6tietoja s\u00e4ilytet\u00e4\u00e4n vain niin kauan kuin on tarpeen k\u00e4sittelytarkoituksen toteuttamiseksi, mukaan lukien lakiin, kirjanpitoon tai raportointiin liittyvien vaatimusten t\u00e4ytt\u00e4miseksi t\u00e4ss\u00e4 Tietosuojaselosteessa kuvatulla tavalla. S\u00e4ilytysajat voivat olla erilaisia sen mukaan, mihin luokkiin tiedot kuuluvat. N\u00e4iden aikojen m\u00e4\u00e4rityksess\u00e4 on huomioitu useita tekij\u00f6it\u00e4, kuten kyseisten tietojen luonne ja luottamuksellisuus sek\u00e4 k\u00e4sittelytarkoitus.\nEsimerkiksi palvelun tilaukseen liittyvi\u00e4 tietoja s\u00e4ilytet\u00e4\u00e4n kirjanpitolain (1336\/1997) edellytt\u00e4m\u00e4n kuuden (6) vuoden ajan. Sinun tai edustamasi yrityksen kanssa solmitun sopimussuhteen perusteella k\u00e4siteltyj\u00e4 henkil\u00f6tietoja s\u00e4ilytet\u00e4\u00e4n yleens\u00e4 sopimussuhteen tai palveluiden tuottamiseen tarvittavan ajan. Kun asiakassuhde tai palvelun tuottaminen p\u00e4\u00e4ttyy, henkil\u00f6tietoja s\u00e4ilytet\u00e4\u00e4n tarvittavin osin oikeutettujen etujemme turvaamiseksi esimerkiksi voidaksemme vastata korvausvaatimuksiin tai kanteisiin vanhentumislains\u00e4\u00e4d\u00e4nn\u00f6n mukaisesti. \nOikeutetun edun perusteella k\u00e4siteltyj\u00e4 henkil\u00f6tietoja k\u00e4sitell\u00e4\u00e4n niin kauan kuin niiden k\u00e4sittelylle on olemassa perusteet. Jos vastustat t\u00e4llaista k\u00e4sittely\u00e4, tiedot poistetaan sen j\u00e4lkeen, kun pyynt\u00f6si oikeutus on varmistettu. \nJos henkil\u00f6tietoja k\u00e4sitell\u00e4\u00e4n lakis\u00e4\u00e4teisten velvoitteiden toteuttamiseksi, niit\u00e4 s\u00e4ilytet\u00e4\u00e4n lain vaatimusten mukaisesti. Henkil\u00f6tietojen s\u00e4ilytysvelvollisuudesta s\u00e4\u00e4det\u00e4\u00e4n esimerkiksi kirjanpitoa ja rahanpesua koskevassa lains\u00e4\u00e4d\u00e4nn\u00f6ss\u00e4.\nSuostumuksen perusteella k\u00e4sitelt\u00e4vien henkil\u00f6tietojen s\u00e4ilytysaika m\u00e4\u00e4r\u00e4ytyy k\u00e4sittelytarkoituksen mukaan.<\/li>\n<li>Sinun oikeutesi\nOikeutesi ja vaihtoehtosi henkil\u00f6tietojen suhteen riippuvat kyseisest\u00e4 tilanteesta ja k\u00e4sittelyn tarkoituksesta.\nTarkastusoikeus \u2013 Sinulla on oikeus saada vahvistus sille, k\u00e4sitell\u00e4\u00e4nk\u00f6 tietojasi, ja jos k\u00e4sitell\u00e4\u00e4n, saada j\u00e4ljenn\u00f6s k\u00e4sittelemist\u00e4mme henkil\u00f6tiedoista sek\u00e4 lis\u00e4tietoja toteuttamastamme k\u00e4sittelyst\u00e4.\nOikaisuoikeus \u2013 Sinulla on oikeus saada virheelliset tiedot oikaistuksi ja joissakin tapauksissa t\u00e4ydent\u00e4\u00e4 puutteellisia henkil\u00f6tietoja.\nOikeus vastustaa k\u00e4sittely\u00e4 \u2013 Sinulla on oikeus vastustaa henkil\u00f6tietojesi k\u00e4sittely\u00e4 silloin kun se perustuu meid\u00e4n tai kolmannen osapuolen oikeutettuun etuun, mik\u00e4li henkil\u00f6kohtainen tilanteesi syrj\u00e4ytt\u00e4\u00e4 t\u00e4llaisen oikeutetun edun. Voimme hyl\u00e4t\u00e4 pyynn\u00f6n, jos k\u00e4sittely on v\u00e4ltt\u00e4m\u00e4t\u00f6nt\u00e4 pakollisten ja laillisten oikeuksien toteuttamiseksi. \nOikeus siirt\u00e4\u00e4 tiedot j\u00e4rjestelm\u00e4st\u00e4 toiseen \u2013 Sinulla on oikeus tiedonsiirtoon, mik\u00e4 tarkoittaa, ett\u00e4 sinulla voi tietyiss\u00e4 olosuhteissa olla oikeus siirr\u00e4tt\u00e4\u00e4 henkil\u00f6tiedot toiselle rekisterinpit\u00e4j\u00e4lle j\u00e4sennellyss\u00e4, yleisesti k\u00e4ytetyss\u00e4 ja koneellisesti luettavassa muodossa.\nOikeus tulla unohdetuksi \u2013 Voit pyyt\u00e4\u00e4 meit\u00e4 poistamaan henkil\u00f6tietosi, jos niiden k\u00e4sittelyn jatkamiselle ei ole p\u00e4tev\u00e4\u00e4 syyt\u00e4, jos esimerkiksi koet henkil\u00f6tietojesi k\u00e4sittelyn tarpeettomaksi yll\u00e4 kuvattuihin tarkoituksiin tai haluat peruuttaa antamasi suostumuksen.\nOikeus tietojen k\u00e4sittelyn rajoittamiseen \u2013 Sinulla on oikeus pyyt\u00e4\u00e4 tietyiss\u00e4 olosuhteissa meit\u00e4 rajoittamaan henkil\u00f6tietojesi k\u00e4sittely\u00e4 esimerkiksi henkil\u00f6tietojen oikeellisuuden varmistamisen ajaksi.\nOikeus antaa ja peruuttaa suostumus \u2013 Jos henkil\u00f6tietojen k\u00e4sittely perustuu antamaasi suostumukseen, sinulla on oikeus peruuttaa suostumus milloin tahansa.\nSaatamme joutua pyyt\u00e4m\u00e4\u00e4n sinulta tiettyj\u00e4 tietoja vahvistaaksemme henkil\u00f6llisyytesi ja varmistaaksemme, ett\u00e4 olet oikeutettu k\u00e4ytt\u00e4m\u00e4\u00e4n n\u00e4it\u00e4 oikeuksia.\nVoit k\u00e4ytt\u00e4\u00e4 oikeuksiasi l\u00e4hett\u00e4m\u00e4ll\u00e4 edell\u00e4 mainitun pyynn\u00f6n osoitteeseen info@helsinkilimo.com. Jos olet sit\u00e4 mielt\u00e4, ett\u00e4 henkil\u00f6tietojesi k\u00e4sittely ei ole asianmukaista, voit ottaa yhteytt\u00e4 tietosuojavaltuutettuun. <a href=\"mailto:info@helsinkilimo.com\">info@helsinkilimo.com<\/a>. If you believe that the processing of your personal data is not appropriate, you can contact the Data Protection Officer.<\/li>\n<li>Henkil\u00f6tietojen suojauksen periaatteet\nToteutamme tarkoituksenmukaiset toimenpiteet (mukaan lukien fyysiset, tekniset ja hallinnolliset toimet) suojaamaan henkil\u00f6tietoja h\u00e4vi\u00e4miselt\u00e4, tuhoutumiselta, v\u00e4\u00e4rink\u00e4yt\u00f6ksilt\u00e4 sek\u00e4 luvattomalta p\u00e4\u00e4sylt\u00e4 tai luovuttamiselta. Henkil\u00f6tietoja k\u00e4sitell\u00e4\u00e4n esimerkiksi s\u00e4hk\u00f6isess\u00e4 kuljetustenhallintaj\u00e4rjestelm\u00e4ss\u00e4, jonka on todettu vastaavan ominaisuuksiltaan yleisen tietosuoja-asetuksen vaatimuksia. Suojaamme henkil\u00f6tietoja muun muassa palomuureilla, salaustekniikoilla, turvallisilla laitetiloilla ja tietoj\u00e4rjestelmien k\u00e4ytt\u00e4j\u00e4tunnusten huolellisella hallinnalla sek\u00e4 arvioimalla huolellisesti palveluntarjoajamme, jotka osallistuvat henkil\u00f6tietojen k\u00e4sittelyyn meid\u00e4n puolestamme. Palveluntarjoajamme ja heid\u00e4n ty\u00f6ntekij\u00e4ns\u00e4 k\u00e4sittelev\u00e4t henkil\u00f6tietojasi ainoastaan ohjeistuksemme mukaisesti ja salassapitovelvollisuuden alaisena.\nTietoturvaloukkaustilanteissa ilmoitamme siit\u00e4 rekister\u00f6idylle sovellettavan lains\u00e4\u00e4d\u00e4nn\u00f6n mukaisesti.<\/li>\n<li>Muutokset t\u00e4h\u00e4n Tietosuojaselosteeseen\nVoimme p\u00e4ivitt\u00e4\u00e4 t\u00e4t\u00e4 Tietosuojaselostetta tarvittaessa, jos se on tarpeen henkil\u00f6tietojen k\u00e4sittelyss\u00e4 muuttuneiden toimintatapojen kuvaamiseksi. Uusin versio on saatavilla osoitteessa xx.\nT\u00e4m\u00e4 Tietosuojaseloste on p\u00e4ivitetty viimeksi 18.12.2023.<\/li>\n<li>Ota yhteytt\u00e4\nJos sinulla on kysytt\u00e4v\u00e4\u00e4 t\u00e4h\u00e4n Tietosuojaselosteeseen tai k\u00e4sittelemiimme henkil\u00f6tietoihin liittyen taikka jos haluat ottaa yhteytt\u00e4 tietosuoja-asioista vastaavaan yhteyshenkil\u00f6\u00f6n, voit l\u00e4hett\u00e4\u00e4 s\u00e4hk\u00f6postia osoitteeseen info@helsinkilimo.com. <a href=\"mailto:info@helsinkilimo.com\">info@helsinkilimo.com<\/a>.<\/li>\n<\/ol>\n\n\n<p><\/p>","protected":false},"excerpt":{"rendered":"<p>Data Controller The data controller as defined in the General Data Protection Regulation (EU) 2016\/679 (&#8220;GDPR&#8221;) is HL CHARTER Oy. HL CHARTER Oy (2458816-0) c\/o Helsinki Limo Niittytie 21, 01300 Vantaa info@helsinkilimo.fi Collection of Personal Data This Privacy Statement concerns the collection and processing of personal data. Personal data refers to information that can be [&hellip;]<\/p>","protected":false},"author":1,"featured_media":0,"parent":0,"menu_order":0,"comment_status":"closed","ping_status":"open","template":"","meta":{"footnotes":""},"class_list":["post-3","page","type-page","status-publish","hentry"],"_links":{"self":[{"href":"https:\/\/store.helsinkilimo.com\/fi\/wp-json\/wp\/v2\/pages\/3","targetHints":{"allow":["GET"]}}],"collection":[{"href":"https:\/\/store.helsinkilimo.com\/fi\/wp-json\/wp\/v2\/pages"}],"about":[{"href":"https:\/\/store.helsinkilimo.com\/fi\/wp-json\/wp\/v2\/types\/page"}],"author":[{"embeddable":true,"href":"https:\/\/store.helsinkilimo.com\/fi\/wp-json\/wp\/v2\/users\/1"}],"replies":[{"embeddable":true,"href":"https:\/\/store.helsinkilimo.com\/fi\/wp-json\/wp\/v2\/comments?post=3"}],"version-history":[{"count":12,"href":"https:\/\/store.helsinkilimo.com\/fi\/wp-json\/wp\/v2\/pages\/3\/revisions"}],"predecessor-version":[{"id":10619,"href":"https:\/\/store.helsinkilimo.com\/fi\/wp-json\/wp\/v2\/pages\/3\/revisions\/10619"}],"wp:attachment":[{"href":"https:\/\/store.helsinkilimo.com\/fi\/wp-json\/wp\/v2\/media?parent=3"}],"curies":[{"name":"wp","href":"https:\/\/api.w.org\/{rel}","templated":true}]}}